{"id":1472,"date":"2023-04-03T15:40:33","date_gmt":"2023-04-03T15:40:33","guid":{"rendered":"https:\/\/ramforth-baumaschinen.de\/wordpress\/?page_id=1472"},"modified":"2023-04-03T16:04:45","modified_gmt":"2023-04-03T16:04:45","slug":"verkauf","status":"publish","type":"page","link":"https:\/\/ramforth-baumaschinen.de\/index.php\/verkauf\/","title":{"rendered":"Verkauf"},"content":{"rendered":"<p><div class=\"fusion-fullwidth fullwidth-box fusion-builder-row-1 fusion-flex-container has-pattern-background has-mask-background nonhundred-percent-fullwidth non-hundred-percent-height-scrolling\" style=\"--awb-border-radius-top-left:0px;--awb-border-radius-top-right:0px;--awb-border-radius-bottom-right:0px;--awb-border-radius-bottom-left:0px;--awb-flex-wrap:wrap;\" ><div class=\"fusion-builder-row fusion-row fusion-flex-align-items-flex-start fusion-flex-content-wrap\" style=\"max-width:1424.8px;margin-left: calc(-4% \/ 2 );margin-right: calc(-4% \/ 2 );\"><div class=\"fusion-layout-column fusion_builder_column fusion-builder-column-0 fusion_builder_column_1_1 1_1 fusion-flex-column\" style=\"--awb-bg-size:cover;--awb-width-large:100%;--awb-margin-top-large:0px;--awb-spacing-right-large:1.92%;--awb-margin-bottom-large:20px;--awb-spacing-left-large:1.92%;--awb-width-medium:100%;--awb-order-medium:0;--awb-spacing-right-medium:1.92%;--awb-spacing-left-medium:1.92%;--awb-width-small:100%;--awb-order-small:0;--awb-spacing-right-small:1.92%;--awb-spacing-left-small:1.92%;\"><div class=\"fusion-column-wrapper fusion-column-has-shadow fusion-flex-justify-content-flex-start fusion-content-layout-column\"><div class=\"fusion-title title fusion-title-1 fusion-sep-none fusion-title-text fusion-title-size-one\"><h1 class=\"fusion-title-heading title-heading-left\" style=\"margin:0;\">Verkauf \/ Ankauf<\/h1><\/div><div class=\"fusion-text fusion-text-1\"><p>Wir haben ein stetig wechselndes Angebot an Gebraucht- und Neumaschinen in allen Gr\u00f6\u00dfen- und Preiskategorien.<\/p>\n<p>Zus\u00e4tzlich k\u00f6nnen wir Ihnen durch h\u00e4ufige\u00a0Aktualisierungen\u00a0unseres\u00a0Mietparks,\u00a0die M\u00f6glichkeit bieten, eine Vielzahl an jungen Gebrauchtmaschinen zu guten Konditionen zu erwerben.<\/p>\n<p>Desweiteren haben wir eine Gro\u00dfzahl an Werkzeug und Zubeh\u00f6r im Verkauf.<\/p>\n<\/div><\/div><\/div><\/div><\/div><div class=\"fusion-fullwidth fullwidth-box fusion-builder-row-2 fusion-flex-container has-pattern-background has-mask-background nonhundred-percent-fullwidth non-hundred-percent-height-scrolling\" style=\"--awb-border-radius-top-left:0px;--awb-border-radius-top-right:0px;--awb-border-radius-bottom-right:0px;--awb-border-radius-bottom-left:0px;--awb-flex-wrap:wrap;\" ><div class=\"fusion-builder-row fusion-row fusion-flex-align-items-flex-start fusion-flex-content-wrap\" style=\"max-width:1424.8px;margin-left: calc(-4% \/ 2 );margin-right: calc(-4% \/ 2 );\"><div class=\"fusion-layout-column fusion_builder_column fusion-builder-column-1 fusion_builder_column_1_1 1_1 fusion-flex-column\" style=\"--awb-bg-size:cover;--awb-width-large:100%;--awb-margin-top-large:0px;--awb-spacing-right-large:1.92%;--awb-margin-bottom-large:20px;--awb-spacing-left-large:1.92%;--awb-width-medium:100%;--awb-order-medium:0;--awb-spacing-right-medium:1.92%;--awb-spacing-left-medium:1.92%;--awb-width-small:100%;--awb-order-small:0;--awb-spacing-right-small:1.92%;--awb-spacing-left-small:1.92%;\"><div class=\"fusion-column-wrapper fusion-column-has-shadow fusion-flex-justify-content-flex-start fusion-content-layout-column\"><div class=\"fusion-title title fusion-title-2 fusion-sep-none fusion-title-text fusion-title-size-one\"><h1 class=\"fusion-title-heading title-heading-left\" style=\"margin:0;\">Derzeitigen Angebote:<\/h1><\/div><div class=\"fusion-text fusion-text-2\"><p><strong><div id=\"ebay_kleinanzeigen_ads\">\r\n<ul class=\"tilelist\" style=\"text-align: left\"><li class=\"itemtile-fullpic\"><div class=\"itemtile-header\"><a target=_blank href=\"https:\/\/www.kleinanzeigen.de\/s-anzeige\/probst-zange-bordsteinkantezange\/2635084111-276-1644\"><img class=\"lazyload\" decoding=\"async\" alt=\"\" src=\"data:image\/gif;base64,R0lGODlhAQABAAAAACH5BAEKAAEALAAAAAABAAEAAAICTAEAOw==\" data-orig-src=\"https:\/\/img.kleinanzeigen.de\/api\/v1\/prod-ads\/images\/b0\/b02946d4-6f44-4dde-9c19-e325d4f28a0f?rule=$_35.AUTO\"><\/a><\/div><div class=\"itemtile-body\"><h3 style=\"line-height: 1\" class=\"itemtile-title\"><a target=_blank href=\"https:\/\/www.kleinanzeigen.de\/s-anzeige\/probst-zange-bordsteinkantezange\/2635084111-276-1644\"><b>Probst Zange Bordsteinkantezange<\/b><\/a><\/h3><div class=\"itemtile-ribbon\"><span class=\"itemtile-price\">VB<\/span><\/div>\r\n<\/div><\/li>\r\n<li class=\"itemtile-fullpic\"><div class=\"itemtile-header\"><a target=_blank href=\"https:\/\/www.kleinanzeigen.de\/s-anzeige\/john-deere-4052m-schlepper-trecker-kleintraktor-traktor-4066r\/2635063920-276-1644\"><img class=\"lazyload\" decoding=\"async\" alt=\"\" src=\"data:image\/gif;base64,R0lGODlhAQABAAAAACH5BAEKAAEALAAAAAABAAEAAAICTAEAOw==\" data-orig-src=\"https:\/\/img.kleinanzeigen.de\/api\/v1\/prod-ads\/images\/d1\/d1078519-017c-42bc-a024-ee153ce62835?rule=$_35.AUTO\"><\/a><\/div><div class=\"itemtile-body\"><h3 style=\"line-height: 1\" class=\"itemtile-title\"><a target=_blank href=\"https:\/\/www.kleinanzeigen.de\/s-anzeige\/john-deere-4052m-schlepper-trecker-kleintraktor-traktor-4066r\/2635063920-276-1644\"><b>John Deere 4052M Schlepper Trecker Kleintraktor Traktor 4066R<\/b><\/a><\/h3><div class=\"itemtile-ribbon\"><span class=\"itemtile-price\">42245 &euro; VB<\/span><\/div>\r\n<\/div><\/li>\r\n<li class=\"itemtile-fullpic\"><div class=\"itemtile-header\"><a target=_blank href=\"https:\/\/www.kleinanzeigen.de\/s-anzeige\/cat-301-8-minibagger-bagger-powertilt-kx019\/2635058048-276-1644\"><img class=\"lazyload\" decoding=\"async\" alt=\"\" src=\"data:image\/gif;base64,R0lGODlhAQABAAAAACH5BAEKAAEALAAAAAABAAEAAAICTAEAOw==\" data-orig-src=\"https:\/\/img.kleinanzeigen.de\/api\/v1\/prod-ads\/images\/51\/51f883fd-a003-4e2c-93ef-11914d5c8986?rule=$_35.AUTO\"><\/a><\/div><div class=\"itemtile-body\"><h3 style=\"line-height: 1\" class=\"itemtile-title\"><a target=_blank href=\"https:\/\/www.kleinanzeigen.de\/s-anzeige\/cat-301-8-minibagger-bagger-powertilt-kx019\/2635058048-276-1644\"><b>Cat 301.8 Minibagger Bagger Powertilt kx019<\/b><\/a><\/h3><div class=\"itemtile-ribbon\"><span class=\"itemtile-price\">33201 &euro; VB<\/span><\/div>\r\n<\/div><\/li>\r\n<li class=\"itemtile-fullpic\"><div class=\"itemtile-header\"><a target=_blank href=\"https:\/\/www.kleinanzeigen.de\/s-anzeige\/planierschild-vorsatzgrader-schild-laisersteuerung-optimas-probst\/2664043619-276-1644\"><img class=\"lazyload\" decoding=\"async\" alt=\"\" src=\"data:image\/gif;base64,R0lGODlhAQABAAAAACH5BAEKAAEALAAAAAABAAEAAAICTAEAOw==\" data-orig-src=\"https:\/\/img.kleinanzeigen.de\/api\/v1\/prod-ads\/images\/b2\/b2be3859-0a38-4ddf-85e1-74308cde2bf2?rule=$_35.AUTO\"><\/a><\/div><div class=\"itemtile-body\"><h3 style=\"line-height: 1\" class=\"itemtile-title\"><a target=_blank href=\"https:\/\/www.kleinanzeigen.de\/s-anzeige\/planierschild-vorsatzgrader-schild-laisersteuerung-optimas-probst\/2664043619-276-1644\"><b>Planierschild Vorsatzgrader Schild Laisersteuerung Optimas Probst<\/b><\/a><\/h3><div class=\"itemtile-ribbon\"><span class=\"itemtile-price\">39151 &euro;<\/span><\/div>\r\n<\/div><\/li>\r\n<li class=\"itemtile-fullpic\"><div class=\"itemtile-header\"><a target=_blank href=\"https:\/\/www.kleinanzeigen.de\/s-anzeige\/gremac-e2-siebanlage-trommelsiebanlage-siebmaschine-siebtrommel\/2728032055-276-1644\"><img class=\"lazyload\" decoding=\"async\" alt=\"\" src=\"data:image\/gif;base64,R0lGODlhAQABAAAAACH5BAEKAAEALAAAAAABAAEAAAICTAEAOw==\" data-orig-src=\"https:\/\/img.kleinanzeigen.de\/api\/v1\/prod-ads\/images\/78\/78ccfbb4-e9eb-4f1b-a6cb-8e1a5a9ecd94?rule=$_35.AUTO\"><\/a><\/div><div class=\"itemtile-body\"><h3 style=\"line-height: 1\" class=\"itemtile-title\"><a target=_blank href=\"https:\/\/www.kleinanzeigen.de\/s-anzeige\/gremac-e2-siebanlage-trommelsiebanlage-siebmaschine-siebtrommel\/2728032055-276-1644\"><b>Gremac e2+ Siebanlage Trommelsiebanlage Siebmaschine Siebtrommel<\/b><\/a><\/h3><div class=\"itemtile-ribbon\"><span class=\"itemtile-price\">87465 &euro;<\/span><\/div>\r\n<\/div><\/li>\r\n<li class=\"itemtile-fullpic\"><div class=\"itemtile-header\"><a target=_blank href=\"https:\/\/www.kleinanzeigen.de\/s-anzeige\/gyrustar-siebloeffel-schaufelseparator\/2804549421-276-1644\"><img class=\"lazyload\" decoding=\"async\" alt=\"\" src=\"data:image\/gif;base64,R0lGODlhAQABAAAAACH5BAEKAAEALAAAAAABAAEAAAICTAEAOw==\" data-orig-src=\"https:\/\/img.kleinanzeigen.de\/api\/v1\/prod-ads\/images\/5b\/5b475f0a-49f6-405f-b01a-8c230123d862?rule=$_35.AUTO\"><\/a><\/div><div class=\"itemtile-body\"><h3 style=\"line-height: 1\" class=\"itemtile-title\"><a target=_blank href=\"https:\/\/www.kleinanzeigen.de\/s-anzeige\/gyrustar-siebloeffel-schaufelseparator\/2804549421-276-1644\"><b>GyruStar Siebl\u00f6ffel Schaufelseparator<\/b><\/a><\/h3><div class=\"itemtile-ribbon\"><span class=\"itemtile-price\">VB<\/span><\/div>\r\n<\/div><\/li>\r\n<li class=\"itemtile-fullpic\"><div class=\"itemtile-header\"><a target=_blank href=\"https:\/\/www.kleinanzeigen.de\/s-anzeige\/gremac-e2-trommelsiebanlagen-siebanlage-siebmaschine-e1\/2800219105-276-1644\"><img class=\"lazyload\" decoding=\"async\" alt=\"\" src=\"data:image\/gif;base64,R0lGODlhAQABAAAAACH5BAEKAAEALAAAAAABAAEAAAICTAEAOw==\" data-orig-src=\"https:\/\/img.kleinanzeigen.de\/api\/v1\/prod-ads\/images\/33\/3389856f-fcdf-4d8c-a33b-f17bb8f4d428?rule=$_35.AUTO\"><\/a><\/div><div class=\"itemtile-body\"><h3 style=\"line-height: 1\" class=\"itemtile-title\"><a target=_blank href=\"https:\/\/www.kleinanzeigen.de\/s-anzeige\/gremac-e2-trommelsiebanlagen-siebanlage-siebmaschine-e1\/2800219105-276-1644\"><b>Gremac e2+ Trommelsiebanlagen Siebanlage Siebmaschine e1<\/b><\/a><\/h3><div class=\"itemtile-ribbon\"><span class=\"itemtile-price\">87465 &euro; VB<\/span><\/div>\r\n<\/div><\/li>\r\n<li class=\"itemtile-fullpic\"><div class=\"itemtile-header\"><a target=_blank href=\"https:\/\/www.kleinanzeigen.de\/s-anzeige\/platzmax-nl-ff-rei\/2721636884-276-1644\"><img class=\"lazyload\" decoding=\"async\" alt=\"\" src=\"data:image\/gif;base64,R0lGODlhAQABAAAAACH5BAEKAAEALAAAAAABAAEAAAICTAEAOw==\" data-orig-src=\"https:\/\/img.kleinanzeigen.de\/api\/v1\/prod-ads\/images\/b4\/b4dfc793-856d-47d6-9c4b-f2230f6da5a4?rule=$_35.AUTO\"><\/a><\/div><div class=\"itemtile-body\"><h3 style=\"line-height: 1\" class=\"itemtile-title\"><a target=_blank href=\"https:\/\/www.kleinanzeigen.de\/s-anzeige\/platzmax-nl-ff-rei\/2721636884-276-1644\"><b>PlatzMax NL FF Rei<\/b><\/a><\/h3><div class=\"itemtile-ribbon\"><span class=\"itemtile-price\">22134 &euro;<\/span><\/div>\r\n<\/div><\/li>\r\n<li class=\"itemtile-fullpic\"><div class=\"itemtile-header\"><a target=_blank href=\"https:\/\/www.kleinanzeigen.de\/s-anzeige\/siebanlage-vermietung-gremac-trommelsiebanlage\/2769517084-276-1644\"><img class=\"lazyload\" decoding=\"async\" alt=\"\" src=\"data:image\/gif;base64,R0lGODlhAQABAAAAACH5BAEKAAEALAAAAAABAAEAAAICTAEAOw==\" data-orig-src=\"https:\/\/img.kleinanzeigen.de\/api\/v1\/prod-ads\/images\/30\/30a70ef8-a7a9-4cfa-bf31-cca14c6f893e?rule=$_35.AUTO\"><\/a><\/div><div class=\"itemtile-body\"><h3 style=\"line-height: 1\" class=\"itemtile-title\"><a target=_blank href=\"https:\/\/www.kleinanzeigen.de\/s-anzeige\/siebanlage-vermietung-gremac-trommelsiebanlage\/2769517084-276-1644\"><b>Siebanlage Vermietung Gremac Trommelsiebanlage<\/b><\/a><\/h3><div class=\"itemtile-ribbon\"><span class=\"itemtile-price\">390 &euro;<\/span><\/div>\r\n<\/div><\/li>\r\n<li class=\"itemtile-fullpic\"><div class=\"itemtile-header\"><a target=_blank href=\"https:\/\/www.kleinanzeigen.de\/s-anzeige\/gremac-e1-trommelsiebanlagen-trommelsieb-siebanlage-e2-ezero\/2853828008-276-1644\"><img class=\"lazyload\" decoding=\"async\" alt=\"\" src=\"data:image\/gif;base64,R0lGODlhAQABAAAAACH5BAEKAAEALAAAAAABAAEAAAICTAEAOw==\" data-orig-src=\"https:\/\/img.kleinanzeigen.de\/api\/v1\/prod-ads\/images\/95\/95a518ae-4b36-4483-83c6-ff3ca77b9c10?rule=$_35.AUTO\"><\/a><\/div><div class=\"itemtile-body\"><h3 style=\"line-height: 1\" class=\"itemtile-title\"><a target=_blank href=\"https:\/\/www.kleinanzeigen.de\/s-anzeige\/gremac-e1-trommelsiebanlagen-trommelsieb-siebanlage-e2-ezero\/2853828008-276-1644\"><b>Gremac E1 Trommelsiebanlagen Trommelsieb Siebanlage e2+ eZero<\/b><\/a><\/h3><div class=\"itemtile-ribbon\"><span class=\"itemtile-price\">VB<\/span><\/div>\r\n<\/div><\/li>\r\n<li class=\"itemtile-fullpic\"><div class=\"itemtile-header\"><a target=_blank href=\"https:\/\/www.kleinanzeigen.de\/s-anzeige\/stoll-hdp-f-50-frontlader-lader-schwinge-fz50\/2943395027-276-1644\"><img class=\"lazyload\" decoding=\"async\" alt=\"\" src=\"data:image\/gif;base64,R0lGODlhAQABAAAAACH5BAEKAAEALAAAAAABAAEAAAICTAEAOw==\" data-orig-src=\"https:\/\/img.kleinanzeigen.de\/api\/v1\/prod-ads\/images\/76\/76c786fc-de48-4dea-bae0-cc5b13fa95ae?rule=$_35.AUTO\"><\/a><\/div><div class=\"itemtile-body\"><h3 style=\"line-height: 1\" class=\"itemtile-title\"><a target=_blank href=\"https:\/\/www.kleinanzeigen.de\/s-anzeige\/stoll-hdp-f-50-frontlader-lader-schwinge-fz50\/2943395027-276-1644\"><b>Stoll HDP F 50 Frontlader Lader Schwinge FZ50<\/b><\/a><\/h3><div class=\"itemtile-ribbon\"><span class=\"itemtile-price\">5938 &euro; VB<\/span><\/div>\r\n<\/div><\/li>\r\n<li class=\"itemtile-fullpic\"><div class=\"itemtile-header\"><a target=_blank href=\"https:\/\/www.kleinanzeigen.de\/s-anzeige\/jcb-16c-minibagger-bagger-inkl-mwst-19c\/3022485968-276-1644\"><img class=\"lazyload\" decoding=\"async\" alt=\"\" src=\"data:image\/gif;base64,R0lGODlhAQABAAAAACH5BAEKAAEALAAAAAABAAEAAAICTAEAOw==\" data-orig-src=\"https:\/\/img.kleinanzeigen.de\/api\/v1\/prod-ads\/images\/cb\/cbfb1c2e-a70d-4dec-8995-e654877d13ca?rule=$_35.AUTO\"><\/a><\/div><div class=\"itemtile-body\"><h3 style=\"line-height: 1\" class=\"itemtile-title\"><a target=_blank href=\"https:\/\/www.kleinanzeigen.de\/s-anzeige\/jcb-16c-minibagger-bagger-inkl-mwst-19c\/3022485968-276-1644\"><b>JCB 16c Minibagger Bagger Inkl MwSt 19c<\/b><\/a><\/h3><div class=\"itemtile-ribbon\"><span class=\"itemtile-price\">19990 &euro; VB<\/span><\/div>\r\n<\/div><\/li>\r\n<li class=\"itemtile-fullpic\"><div class=\"itemtile-header\"><a target=_blank href=\"https:\/\/www.kleinanzeigen.de\/s-anzeige\/kramer-5045-radlader-inkl-mwst-lader-weidemann-hoflader\/3077874923-276-1644\"><img class=\"lazyload\" decoding=\"async\" alt=\"\" src=\"data:image\/gif;base64,R0lGODlhAQABAAAAACH5BAEKAAEALAAAAAABAAEAAAICTAEAOw==\" data-orig-src=\"https:\/\/img.kleinanzeigen.de\/api\/v1\/prod-ads\/images\/5c\/5ca3405c-5d5d-4ce9-824f-57b370f256bb?rule=$_35.AUTO\"><\/a><\/div><div class=\"itemtile-body\"><h3 style=\"line-height: 1\" class=\"itemtile-title\"><a target=_blank href=\"https:\/\/www.kleinanzeigen.de\/s-anzeige\/kramer-5045-radlader-inkl-mwst-lader-weidemann-hoflader\/3077874923-276-1644\"><b>Kramer 5045 Radlader inkl MwSt Lader Weidemann Hoflader<\/b><\/a><\/h3><div class=\"itemtile-ribbon\"><span class=\"itemtile-price\">58905 &euro; VB<\/span><\/div>\r\n<\/div><\/li>\r\n<li class=\"itemtile-fullpic\"><div class=\"itemtile-header\"><a target=_blank href=\"https:\/\/www.kleinanzeigen.de\/s-anzeige\/unimog-1600-agrar-427-inkl-mwst\/2735119955-276-1644\"><img class=\"lazyload\" decoding=\"async\" alt=\"\" src=\"data:image\/gif;base64,R0lGODlhAQABAAAAACH5BAEKAAEALAAAAAABAAEAAAICTAEAOw==\" data-orig-src=\"https:\/\/img.kleinanzeigen.de\/api\/v1\/prod-ads\/images\/4a\/4a24ab32-e244-4395-9107-809c8930d1ec?rule=$_35.AUTO\"><\/a><\/div><div class=\"itemtile-body\"><h3 style=\"line-height: 1\" class=\"itemtile-title\"><a target=_blank href=\"https:\/\/www.kleinanzeigen.de\/s-anzeige\/unimog-1600-agrar-427-inkl-mwst\/2735119955-276-1644\"><b>Unimog 1600 Agrar 427 inkl MwSt<\/b><\/a><\/h3><div class=\"itemtile-ribbon\"><span class=\"itemtile-price\">39999 &euro; VB<\/span><\/div>\r\n<\/div><\/li>\r\n<li class=\"itemtile-fullpic\"><div class=\"itemtile-header\"><a target=_blank href=\"https:\/\/www.kleinanzeigen.de\/s-anzeige\/cat-301-8-minibagger-bj-2022-550h-301-6-kx019\/3285434392-276-1644\"><img class=\"lazyload\" decoding=\"async\" alt=\"\" src=\"data:image\/gif;base64,R0lGODlhAQABAAAAACH5BAEKAAEALAAAAAABAAEAAAICTAEAOw==\" data-orig-src=\"https:\/\/img.kleinanzeigen.de\/api\/v1\/prod-ads\/images\/b2\/b23bf9e7-edac-43a3-9e9d-cfffedb5b28f?rule=$_35.AUTO\"><\/a><\/div><div class=\"itemtile-body\"><h3 style=\"line-height: 1\" class=\"itemtile-title\"><a target=_blank href=\"https:\/\/www.kleinanzeigen.de\/s-anzeige\/cat-301-8-minibagger-bj-2022-550h-301-6-kx019\/3285434392-276-1644\"><b>Cat 301.8 Minibagger BJ 2022, 550h 301.6 Kx019<\/b><\/a><\/h3><div class=\"itemtile-ribbon\"><span class=\"itemtile-price\">32725 &euro; VB<\/span><\/div>\r\n<\/div><\/li>\r\n<li class=\"itemtile-fullpic\"><div class=\"itemtile-header\"><a target=_blank href=\"https:\/\/www.kleinanzeigen.de\/s-anzeige\/schneeschild-miete-radlader-schneeraeumschild\/3289139462-276-1644\"><img class=\"lazyload\" decoding=\"async\" alt=\"\" src=\"data:image\/gif;base64,R0lGODlhAQABAAAAACH5BAEKAAEALAAAAAABAAEAAAICTAEAOw==\" data-orig-src=\"https:\/\/img.kleinanzeigen.de\/api\/v1\/prod-ads\/images\/7a\/7a770237-7c98-432d-918f-ad03bfc6897f?rule=$_35.AUTO\"><\/a><\/div><div class=\"itemtile-body\"><h3 style=\"line-height: 1\" class=\"itemtile-title\"><a target=_blank href=\"https:\/\/www.kleinanzeigen.de\/s-anzeige\/schneeschild-miete-radlader-schneeraeumschild\/3289139462-276-1644\"><b>Schneeschild Miete Radlader Schneer\u00e4umschild<\/b><\/a><\/h3><div class=\"itemtile-ribbon\"><span class=\"itemtile-price\">VB<\/span><\/div>\r\n<\/div><\/li>\r\n<li class=\"itemtile-fullpic\"><div class=\"itemtile-header\"><a target=_blank href=\"https:\/\/www.kleinanzeigen.de\/s-anzeige\/kubota-kx019-4-minibagger-bagger-kx018\/3172547610-276-1644\"><img class=\"lazyload\" decoding=\"async\" alt=\"\" src=\"data:image\/gif;base64,R0lGODlhAQABAAAAACH5BAEKAAEALAAAAAABAAEAAAICTAEAOw==\" data-orig-src=\"https:\/\/img.kleinanzeigen.de\/api\/v1\/prod-ads\/images\/81\/815f599a-6acb-4c25-90b6-895d208675af?rule=$_35.AUTO\"><\/a><\/div><div class=\"itemtile-body\"><h3 style=\"line-height: 1\" class=\"itemtile-title\"><a target=_blank href=\"https:\/\/www.kleinanzeigen.de\/s-anzeige\/kubota-kx019-4-minibagger-bagger-kx018\/3172547610-276-1644\"><b>Kubota Kx019-4 Minibagger Bagger Kx018<\/b><\/a><\/h3><div class=\"itemtile-ribbon\"><span class=\"itemtile-price\">34391 &euro; VB<\/span><\/div>\r\n<\/div><\/li>\r\n<li class=\"itemtile-fullpic\"><div class=\"itemtile-header\"><a target=_blank href=\"https:\/\/www.kleinanzeigen.de\/s-anzeige\/kubota-kx060-5-bagger-inkl-mwst-minibagger-kx057-u56-u55\/3070383764-276-1644\"><img class=\"lazyload\" decoding=\"async\" alt=\"\" src=\"data:image\/gif;base64,R0lGODlhAQABAAAAACH5BAEKAAEALAAAAAABAAEAAAICTAEAOw==\" data-orig-src=\"https:\/\/img.kleinanzeigen.de\/api\/v1\/prod-ads\/images\/64\/64e0fb2b-b249-41db-8448-1eb1a53440fb?rule=$_35.AUTO\"><\/a><\/div><div class=\"itemtile-body\"><h3 style=\"line-height: 1\" class=\"itemtile-title\"><a target=_blank href=\"https:\/\/www.kleinanzeigen.de\/s-anzeige\/kubota-kx060-5-bagger-inkl-mwst-minibagger-kx057-u56-u55\/3070383764-276-1644\"><b>Kubota Kx060-5 Bagger inkl MwSt Minibagger Kx057 u56 U55<\/b><\/a><\/h3><div class=\"itemtile-ribbon\"><span class=\"itemtile-price\">61404 &euro; VB<\/span><\/div>\r\n<\/div><\/li>\r\n<li class=\"itemtile-fullpic itemtile-emptybox\"><\/li>\r\n\r\n<li class=\"itemtile-fullpic itemtile-emptybox\"><\/li>\r\n<\/ul>\r\n<div style=\"text-align: left; font-size: 80%\">\n\t\t\t\t\t\t<a href=\"https:\/\/anzeigenchef.roundcubes.de\/wordpress-plugin-fuer-ebay-kleinanzeigen\" target=_blank rel=\"follow\" title=\"Schaufenster f\u00fcr eBay Kleinanzeigen vom AnzeigenChef Kleinanzeigen-Tool\" tagid=\"4759\">Unterst\u00fctzt vom AnzeigenChef<br\/>Deinem Kleinanzeigentool<\/a>\n\t\t\t\t\t  <\/div>\r\n<\/div><\/strong><\/p>\n<\/div><\/div><\/div><\/div><\/div><\/p>\n","protected":false},"excerpt":{"rendered":"","protected":false},"author":1,"featured_media":0,"parent":0,"menu_order":0,"comment_status":"closed","ping_status":"closed","template":"","meta":{"footnotes":""},"class_list":["post-1472","page","type-page","status-publish","hentry"],"_links":{"self":[{"href":"https:\/\/ramforth-baumaschinen.de\/index.php\/wp-json\/wp\/v2\/pages\/1472","targetHints":{"allow":["GET"]}}],"collection":[{"href":"https:\/\/ramforth-baumaschinen.de\/index.php\/wp-json\/wp\/v2\/pages"}],"about":[{"href":"https:\/\/ramforth-baumaschinen.de\/index.php\/wp-json\/wp\/v2\/types\/page"}],"author":[{"embeddable":true,"href":"https:\/\/ramforth-baumaschinen.de\/index.php\/wp-json\/wp\/v2\/users\/1"}],"replies":[{"embeddable":true,"href":"https:\/\/ramforth-baumaschinen.de\/index.php\/wp-json\/wp\/v2\/comments?post=1472"}],"version-history":[{"count":6,"href":"https:\/\/ramforth-baumaschinen.de\/index.php\/wp-json\/wp\/v2\/pages\/1472\/revisions"}],"predecessor-version":[{"id":1479,"href":"https:\/\/ramforth-baumaschinen.de\/index.php\/wp-json\/wp\/v2\/pages\/1472\/revisions\/1479"}],"wp:attachment":[{"href":"https:\/\/ramforth-baumaschinen.de\/index.php\/wp-json\/wp\/v2\/media?parent=1472"}],"curies":[{"name":"wp","href":"https:\/\/api.w.org\/{rel}","templated":true}]}}