{"id":1480,"date":"2023-04-03T16:09:09","date_gmt":"2023-04-03T16:09:09","guid":{"rendered":"https:\/\/ramforth-baumaschinen.de\/wordpress\/?page_id=1480"},"modified":"2023-04-03T16:18:48","modified_gmt":"2023-04-03T16:18:48","slug":"werkstatt","status":"publish","type":"page","link":"https:\/\/ramforth-baumaschinen.de\/index.php\/werkstatt\/","title":{"rendered":"Werkstatt"},"content":{"rendered":"<p><div class=\"fusion-fullwidth fullwidth-box fusion-builder-row-1 fusion-flex-container has-pattern-background has-mask-background nonhundred-percent-fullwidth non-hundred-percent-height-scrolling\" style=\"--awb-border-radius-top-left:0px;--awb-border-radius-top-right:0px;--awb-border-radius-bottom-right:0px;--awb-border-radius-bottom-left:0px;--awb-flex-wrap:wrap;\" ><div class=\"fusion-builder-row fusion-row fusion-flex-align-items-flex-start fusion-flex-content-wrap\" style=\"max-width:1424.8px;margin-left: calc(-4% \/ 2 );margin-right: calc(-4% \/ 2 );\"><div class=\"fusion-layout-column fusion_builder_column fusion-builder-column-0 fusion_builder_column_1_3 1_3 fusion-flex-column\" style=\"--awb-bg-size:cover;--awb-width-large:33.333333333333%;--awb-margin-top-large:0px;--awb-spacing-right-large:5.76%;--awb-margin-bottom-large:20px;--awb-spacing-left-large:5.76%;--awb-width-medium:33.333333333333%;--awb-order-medium:0;--awb-spacing-right-medium:5.76%;--awb-spacing-left-medium:5.76%;--awb-width-small:100%;--awb-order-small:0;--awb-spacing-right-small:1.92%;--awb-spacing-left-small:1.92%;\"><div class=\"fusion-column-wrapper fusion-column-has-shadow fusion-flex-justify-content-flex-start fusion-content-layout-column\"><div class=\"fusion-slider-sc\"><div class=\"fusion-flexslider-loading flexslider flexslider-hover-type-none\" data-slideshow_autoplay=\"1\" data-slideshow_smooth_height=\"0\" data-slideshow_speed=\"7000\" style=\"max-width:100%;height:100%;\"><ul class=\"slides\"><li class=\"image\"><span class=\"lazyload fusion-image-hover-element hover-type-none\"><img decoding=\"async\" src=\"https:\/\/ramforth-baumaschinen.de\/wp-content\/uploads\/2023\/04\/WackerNeuson-300x114.png\" data-orig-src=\"https:\/\/ramforth-baumaschinen.de\/wp-content\/uploads\/2023\/04\/WackerNeuson-300x114.png\" width=\"300\" height=\"114\" class=\"lazyload wp-image-1486\" srcset=\"data:image\/svg+xml,%3Csvg%20xmlns%3D%27http%3A%2F%2Fwww.w3.org%2F2000%2Fsvg%27%20width%3D%27300%27%20height%3D%27114%27%20viewBox%3D%270%200%20300%20114%27%3E%3Crect%20width%3D%27300%27%20height%3D%27114%27%20fill-opacity%3D%220%22%2F%3E%3C%2Fsvg%3E\" data-srcset=\"https:\/\/ramforth-baumaschinen.de\/wp-content\/uploads\/2023\/04\/WackerNeuson-200x76.png 200w, https:\/\/ramforth-baumaschinen.de\/wp-content\/uploads\/2023\/04\/WackerNeuson.png 364w\" data-sizes=\"auto\" data-orig-sizes=\"(max-width: 820px) 100vw, 300px\" \/><\/span><\/li><li class=\"image\"><span class=\"lazyload fusion-image-hover-element hover-type-none\"><img decoding=\"async\" src=\"https:\/\/ramforth-baumaschinen.de\/wp-content\/uploads\/2023\/04\/KUBOTA-Logo-bleu-k-horizontal-5c8f96ade2e10-1-1024x289-1-300x85.jpg\" data-orig-src=\"https:\/\/ramforth-baumaschinen.de\/wp-content\/uploads\/2023\/04\/KUBOTA-Logo-bleu-k-horizontal-5c8f96ade2e10-1-1024x289-1-300x85.jpg\" width=\"300\" height=\"85\" class=\"lazyload wp-image-1485\" srcset=\"data:image\/svg+xml,%3Csvg%20xmlns%3D%27http%3A%2F%2Fwww.w3.org%2F2000%2Fsvg%27%20width%3D%27300%27%20height%3D%2785%27%20viewBox%3D%270%200%20300%2085%27%3E%3Crect%20width%3D%27300%27%20height%3D%2785%27%20fill-opacity%3D%220%22%2F%3E%3C%2Fsvg%3E\" data-srcset=\"https:\/\/ramforth-baumaschinen.de\/wp-content\/uploads\/2023\/04\/KUBOTA-Logo-bleu-k-horizontal-5c8f96ade2e10-1-1024x289-1-200x56.jpg 200w, https:\/\/ramforth-baumaschinen.de\/wp-content\/uploads\/2023\/04\/KUBOTA-Logo-bleu-k-horizontal-5c8f96ade2e10-1-1024x289-1-400x113.jpg 400w, https:\/\/ramforth-baumaschinen.de\/wp-content\/uploads\/2023\/04\/KUBOTA-Logo-bleu-k-horizontal-5c8f96ade2e10-1-1024x289-1-600x169.jpg 600w, https:\/\/ramforth-baumaschinen.de\/wp-content\/uploads\/2023\/04\/KUBOTA-Logo-bleu-k-horizontal-5c8f96ade2e10-1-1024x289-1-800x226.jpg 800w, https:\/\/ramforth-baumaschinen.de\/wp-content\/uploads\/2023\/04\/KUBOTA-Logo-bleu-k-horizontal-5c8f96ade2e10-1-1024x289-1.jpg 1024w\" data-sizes=\"auto\" data-orig-sizes=\"(max-width: 820px) 100vw, 600px\" \/><\/span><\/li><li class=\"image\"><span class=\"lazyload fusion-image-hover-element hover-type-none\"><img decoding=\"async\" src=\"https:\/\/ramforth-baumaschinen.de\/wp-content\/uploads\/2023\/04\/Kramer-Allrad-Logo-300x52.jpg\" data-orig-src=\"https:\/\/ramforth-baumaschinen.de\/wp-content\/uploads\/2023\/04\/Kramer-Allrad-Logo-300x52.jpg\" width=\"300\" height=\"52\" class=\"lazyload wp-image-1484\" srcset=\"data:image\/svg+xml,%3Csvg%20xmlns%3D%27http%3A%2F%2Fwww.w3.org%2F2000%2Fsvg%27%20width%3D%27300%27%20height%3D%2752%27%20viewBox%3D%270%200%20300%2052%27%3E%3Crect%20width%3D%27300%27%20height%3D%2752%27%20fill-opacity%3D%220%22%2F%3E%3C%2Fsvg%3E\" data-srcset=\"https:\/\/ramforth-baumaschinen.de\/wp-content\/uploads\/2023\/04\/Kramer-Allrad-Logo-200x34.jpg 200w, https:\/\/ramforth-baumaschinen.de\/wp-content\/uploads\/2023\/04\/Kramer-Allrad-Logo-400x69.jpg 400w, https:\/\/ramforth-baumaschinen.de\/wp-content\/uploads\/2023\/04\/Kramer-Allrad-Logo-600x103.jpg 600w, https:\/\/ramforth-baumaschinen.de\/wp-content\/uploads\/2023\/04\/Kramer-Allrad-Logo-800x138.jpg 800w, https:\/\/ramforth-baumaschinen.de\/wp-content\/uploads\/2023\/04\/Kramer-Allrad-Logo.jpg 1000w\" data-sizes=\"auto\" data-orig-sizes=\"(max-width: 820px) 100vw, 600px\" \/><\/span><\/li><li class=\"image\"><span class=\"lazyload fusion-image-hover-element hover-type-none\"><img decoding=\"async\" src=\"https:\/\/ramforth-baumaschinen.de\/wp-content\/uploads\/2023\/04\/Cat-logo-300x166.png\" data-orig-src=\"https:\/\/ramforth-baumaschinen.de\/wp-content\/uploads\/2023\/04\/Cat-logo-300x166.png\" width=\"300\" height=\"166\" class=\"lazyload wp-image-1483\" srcset=\"data:image\/svg+xml,%3Csvg%20xmlns%3D%27http%3A%2F%2Fwww.w3.org%2F2000%2Fsvg%27%20width%3D%27300%27%20height%3D%27166%27%20viewBox%3D%270%200%20300%20166%27%3E%3Crect%20width%3D%27300%27%20height%3D%27166%27%20fill-opacity%3D%220%22%2F%3E%3C%2Fsvg%3E\" data-srcset=\"https:\/\/ramforth-baumaschinen.de\/wp-content\/uploads\/2023\/04\/Cat-logo-200x110.png 200w, https:\/\/ramforth-baumaschinen.de\/wp-content\/uploads\/2023\/04\/Cat-logo-400x221.png 400w, https:\/\/ramforth-baumaschinen.de\/wp-content\/uploads\/2023\/04\/Cat-logo.png 536w\" data-sizes=\"auto\" data-orig-sizes=\"(max-width: 820px) 100vw, 300px\" \/><\/span><\/li><li class=\"image\"><span class=\"lazyload fusion-image-hover-element hover-type-none\"><img decoding=\"async\" src=\"https:\/\/ramforth-baumaschinen.de\/wp-content\/uploads\/2023\/04\/GREMAC-Flag-cmyk.jpg\" data-orig-src=\"https:\/\/ramforth-baumaschinen.de\/wp-content\/uploads\/2023\/04\/GREMAC-Flag-cmyk.jpg\" width=\"286\" height=\"108\" class=\"lazyload wp-image-1488\" srcset=\"data:image\/svg+xml,%3Csvg%20xmlns%3D%27http%3A%2F%2Fwww.w3.org%2F2000%2Fsvg%27%20width%3D%27286%27%20height%3D%27108%27%20viewBox%3D%270%200%20286%20108%27%3E%3Crect%20width%3D%27286%27%20height%3D%27108%27%20fill-opacity%3D%220%22%2F%3E%3C%2Fsvg%3E\" data-srcset=\"https:\/\/ramforth-baumaschinen.de\/wp-content\/uploads\/2023\/04\/GREMAC-Flag-cmyk-200x76.jpg 200w, https:\/\/ramforth-baumaschinen.de\/wp-content\/uploads\/2023\/04\/GREMAC-Flag-cmyk.jpg 286w\" data-sizes=\"auto\" data-orig-sizes=\"(max-width: 820px) 100vw, 286px\" \/><\/span><\/li><\/ul><\/div><\/div><\/div><\/div><div class=\"fusion-layout-column fusion_builder_column fusion-builder-column-1 fusion_builder_column_2_3 2_3 fusion-flex-column\" style=\"--awb-bg-size:cover;--awb-width-large:66.666666666667%;--awb-margin-top-large:0px;--awb-spacing-right-large:2.88%;--awb-margin-bottom-large:20px;--awb-spacing-left-large:2.88%;--awb-width-medium:66.666666666667%;--awb-order-medium:0;--awb-spacing-right-medium:2.88%;--awb-spacing-left-medium:2.88%;--awb-width-small:100%;--awb-order-small:0;--awb-spacing-right-small:1.92%;--awb-spacing-left-small:1.92%;\"><div class=\"fusion-column-wrapper fusion-column-has-shadow fusion-flex-justify-content-flex-start fusion-content-layout-column\"><div class=\"fusion-text fusion-text-1\"><p>Wir Bieten in Unserer Meistergef\u00fchrten Werkstatt Service f\u00fcr viele Baumaschinen und Reparaturen f\u00fcr Bau und Landmaschinen, sowie UVV an.<\/p>\n<\/div><\/div><\/div><\/div><\/div><div class=\"fusion-fullwidth fullwidth-box fusion-builder-row-2 fusion-flex-container has-pattern-background has-mask-background nonhundred-percent-fullwidth non-hundred-percent-height-scrolling\" style=\"--awb-border-radius-top-left:0px;--awb-border-radius-top-right:0px;--awb-border-radius-bottom-right:0px;--awb-border-radius-bottom-left:0px;--awb-flex-wrap:wrap;\" ><div class=\"fusion-builder-row fusion-row fusion-flex-align-items-flex-start fusion-flex-content-wrap\" style=\"max-width:1424.8px;margin-left: calc(-4% \/ 2 );margin-right: calc(-4% \/ 2 );\"><div class=\"fusion-layout-column fusion_builder_column fusion-builder-column-2 fusion_builder_column_1_1 1_1 fusion-flex-column\" style=\"--awb-bg-size:cover;--awb-width-large:100%;--awb-margin-top-large:0px;--awb-spacing-right-large:1.92%;--awb-margin-bottom-large:20px;--awb-spacing-left-large:1.92%;--awb-width-medium:100%;--awb-order-medium:0;--awb-spacing-right-medium:1.92%;--awb-spacing-left-medium:1.92%;--awb-width-small:100%;--awb-order-small:0;--awb-spacing-right-small:1.92%;--awb-spacing-left-small:1.92%;\"><div class=\"fusion-column-wrapper fusion-column-has-shadow fusion-flex-justify-content-flex-start fusion-content-layout-column\"><\/div><\/div><\/div><\/div><\/p>\n","protected":false},"excerpt":{"rendered":"","protected":false},"author":1,"featured_media":0,"parent":0,"menu_order":0,"comment_status":"closed","ping_status":"closed","template":"","meta":{"footnotes":""},"class_list":["post-1480","page","type-page","status-publish","hentry"],"_links":{"self":[{"href":"https:\/\/ramforth-baumaschinen.de\/index.php\/wp-json\/wp\/v2\/pages\/1480","targetHints":{"allow":["GET"]}}],"collection":[{"href":"https:\/\/ramforth-baumaschinen.de\/index.php\/wp-json\/wp\/v2\/pages"}],"about":[{"href":"https:\/\/ramforth-baumaschinen.de\/index.php\/wp-json\/wp\/v2\/types\/page"}],"author":[{"embeddable":true,"href":"https:\/\/ramforth-baumaschinen.de\/index.php\/wp-json\/wp\/v2\/users\/1"}],"replies":[{"embeddable":true,"href":"https:\/\/ramforth-baumaschinen.de\/index.php\/wp-json\/wp\/v2\/comments?post=1480"}],"version-history":[{"count":4,"href":"https:\/\/ramforth-baumaschinen.de\/index.php\/wp-json\/wp\/v2\/pages\/1480\/revisions"}],"predecessor-version":[{"id":1489,"href":"https:\/\/ramforth-baumaschinen.de\/index.php\/wp-json\/wp\/v2\/pages\/1480\/revisions\/1489"}],"wp:attachment":[{"href":"https:\/\/ramforth-baumaschinen.de\/index.php\/wp-json\/wp\/v2\/media?parent=1480"}],"curies":[{"name":"wp","href":"https:\/\/api.w.org\/{rel}","templated":true}]}}